{"id":300,"date":"2025-07-08T16:53:15","date_gmt":"2025-07-08T14:53:15","guid":{"rendered":"https:\/\/odisseanellospaziodigitale.org\/?page_id=300"},"modified":"2025-07-08T17:34:21","modified_gmt":"2025-07-08T15:34:21","slug":"parola-agli-esperti","status":"publish","type":"page","link":"https:\/\/odisseanellospaziodigitale.org\/?page_id=300","title":{"rendered":"Parola ai relatori"},"content":{"rendered":"\n<div class=\"is-layout-flow wp-block-query\"><ul class=\"is-layout-flow wp-block-post-template\"><li class=\"wp-block-post post-319 post type-post status-publish format-standard hentry category-articoli category-rugby\">\n<h2 class=\"wp-block-post-title\"><a href=\"https:\/\/odisseanellospaziodigitale.org\/?p=319\" target=\"_self\" >Rugby e Digitale: Una Meta Comune Contro il Cyberbullismo<\/a><\/h2>\n\n\n\n<div class=\"wp-block-post-excerpt\"><p class=\"wp-block-post-excerpt__excerpt\">Il rugby \u00e8 molto pi\u00f9 di uno sport: \u00e8 un percorso educativo basato su valori forti e condivisi. In campo, ogni azione \u00e8 guidata dal rispetto delle regole, dalla fiducia reciproca e dalla responsabilit\u00e0 individuale. Sono proprio questi principi che rendono il rugby uno strumento potente per affrontare temi educativi complessi, come l\u2019uso consapevole delle tecnologie e la prevenzione del cyberbullismo. Trasferire i valori del rugby nella dimensione digitale significa promuovere comportamenti corretti, empatici e collaborativi anche quando si interagisce attraverso uno schermo. Nel rugby, il rispetto \u00e8 centrale: per il compagno, per l\u2019avversario, per l\u2019arbitro. Questo valore si oppone&hellip;<\/p><p class=\"wp-block-post-excerpt__more-text\"><a class=\"wp-block-post-excerpt__more-link\" href=\"https:\/\/odisseanellospaziodigitale.org\/?p=319\">continua&#8230;<\/a><\/p><\/div>\n\n\n<hr class=\"wp-block-separator has-css-opacity\"\/>\n\n\n<div class=\"wp-block-post-date\"><time datetime=\"2025-06-10T16:56:22+02:00\">10 Giugno 2025<\/time><\/div>\n<\/li><\/ul><\/div>\n","protected":false},"excerpt":{"rendered":"","protected":false},"author":1,"featured_media":0,"parent":0,"menu_order":0,"comment_status":"closed","ping_status":"closed","template":"","meta":[],"_links":{"self":[{"href":"https:\/\/odisseanellospaziodigitale.org\/index.php?rest_route=\/wp\/v2\/pages\/300"}],"collection":[{"href":"https:\/\/odisseanellospaziodigitale.org\/index.php?rest_route=\/wp\/v2\/pages"}],"about":[{"href":"https:\/\/odisseanellospaziodigitale.org\/index.php?rest_route=\/wp\/v2\/types\/page"}],"author":[{"embeddable":true,"href":"https:\/\/odisseanellospaziodigitale.org\/index.php?rest_route=\/wp\/v2\/users\/1"}],"replies":[{"embeddable":true,"href":"https:\/\/odisseanellospaziodigitale.org\/index.php?rest_route=%2Fwp%2Fv2%2Fcomments&post=300"}],"version-history":[{"count":6,"href":"https:\/\/odisseanellospaziodigitale.org\/index.php?rest_route=\/wp\/v2\/pages\/300\/revisions"}],"predecessor-version":[{"id":337,"href":"https:\/\/odisseanellospaziodigitale.org\/index.php?rest_route=\/wp\/v2\/pages\/300\/revisions\/337"}],"wp:attachment":[{"href":"https:\/\/odisseanellospaziodigitale.org\/index.php?rest_route=%2Fwp%2Fv2%2Fmedia&parent=300"}],"curies":[{"name":"wp","href":"https:\/\/api.w.org\/{rel}","templated":true}]}}